{"id":7,"date":"2019-09-01T19:48:13","date_gmt":"2019-09-01T17:48:13","guid":{"rendered":"http:\/\/ukssatori.esy.es\/?page_id=7"},"modified":"2019-09-01T20:41:50","modified_gmt":"2019-09-01T18:41:50","slug":"o-nas","status":"publish","type":"page","link":"https:\/\/ukssatori.esy.es\/index.php\/o-nas\/","title":{"rendered":"O NAS"},"content":{"rendered":"\n<p>Uczniowski Klub Sportowy SATORI zosta\u0142 zarejestrowany w 2002 roku. Wtedy te\u017c treningi rozpocz\u0119li nasi pierwsi klubowicze. \u0141atwo mo\u017cna policzy\u0107, \u017ce cieszymy si\u0119 ponad dziesi\u0119cioletni\u0105 histori\u0105. W tym czasie nasz klub przeszed\u0142 bardzo wiele i znacznie si\u0119 rozwin\u0105\u0142. Obecnie trenuje u nas ok. 250 os\u00f3b rocznie w r\u00f3\u017cnym wieku. Zaj\u0119cia prowadzimy na terenie Miko\u0142owa, \u0141azisk i Tych\u00f3w.<\/p>\n\n\n\n<p>Swoj\u0105 sportow\u0105 wiedz\u0119, przekazuje \u0107wicz\u0105cym dw\u00f3ch trener\u00f3w. Od pocz\u0105tku istnienia Satori, prezesem i trenerem g\u0142\u00f3wnym jest Rafa\u0142 Lalik, kt\u00f3rego specjalno\u015bci\u0105 jest kumite, natomiast dzia\u0142k\u0105 Patrycji Chechelskiej jest kata. Oczywi\u015bcie trenerzy poza nauczaniem swoich ulubionych element\u00f3w karate, doskonale prowadz\u0105 \u0107wiczenia og\u00f3lnorozwojowe wprowadzaj\u0105c trenuj\u0105cych w \u015bwiat sportu, podnosz\u0105c ich zdolno\u015bci z ka\u017cdym kolejnym treningiem.<\/p>\n\n\n\n<p>W czasie wakacji nie\noddajemy si\u0119 lenistwu, ale organizujemy dla naszych klubowicz\u00f3w\nobozy, najcz\u0119\u015bciej w rejon Beskid\u00f3w. Doskonale wiemy jak to robi\u0107,\nbo mamy ju\u017c za sob\u0105 ponad 25 takich wyjazd\u00f3w. Ka\u017cdego roku\norganizujemy dwa obozy \u2013 zimowy i letni. Nasze wyjazdy to nie tylko\nczas z karate, ale i zabawy na boisku, gry zespo\u0142owe, wycieczki,\nwyjazdy na basen, dyskoteki, wieczory z bajkami i wsp\u00f3lne filmy na\ndu\u017cym ekranie. Du\u017co by wymienia\u0107, po prostu zapraszamy na ob\u00f3z!<\/p>\n\n\n\n<p>Trenowanie dowolnego sportu nie ma sensu, bez mo\u017cliwo\u015bci sprawdzenia swoich umiej\u0119tno\u015bci. My zaczynamy ju\u017c na w\u0142asnym podw\u00f3rku. Co roku organizujemy zawody dla przedszkolak\u00f3w, w kt\u00f3rych udzia\u0142 bierze ok. 100-150 ma\u0142ych zawodnik\u00f3w. Ich zadaniem jest pokonanie toru sprawno\u015bciowego i wykonywanie najr\u00f3\u017cniejszych zada\u0144 sprawno\u015bciowych. W tych zawodach ka\u017cdy maluch jest zwyci\u0119zc\u0105, tak wi\u0119c ka\u017cdy uczestnik otrzymuje medal i dyplom. Najwi\u0119kszym wydarzeniem w naszym klubie jest Liga Satori. Zawodnicy w ci\u0105gu sezonu spotykaj\u0105 si\u0119 trzy\/cztery razy zdobywaj\u0105c punkty w zapasach, kata lub kumite. Ca\u0142o\u015b\u0107 ko\u0144czy wielki fina\u0142, w kt\u00f3rym startuje szesnastka z najlepszym wynikiem punktowym. Jest o co walczy\u0107, bowiem do wygrania s\u0105 cenne nagrody rzeczowe i tytu\u0142 najlepszego zawodnika UKS Satori.<\/p>\n\n\n\n<p>Grupa najstarszych zawodnik\u00f3w to grupa zaawansowana, kt\u00f3ra bierze udzia\u0142 w wyjazdach. Na pocz\u0105tku zaczynali\u015bmy od start\u00f3w w zawodach tylko na terenie Polski. To jednak uleg\u0142o zmianie i od wielu lat bierzemy regularny udzia\u0142 w turniejach poza granicami naszego kraju. Szczeg\u00f3lnie cz\u0119sto go\u015bcimy w Czechach i we W\u0142oszech. Startujemy w turniejach organizowanych na r\u00f3\u017cnych szczeblach \u2013 od rozgrywek regionalnych, po mistrzostwa kraju, Europy, a nawet \u015bwiata.<\/p>\n\n\n\n<p>Prowadzimy zaj\u0119cia\ndla wszystkich ludzi w ka\u017cdym wieku, wi\u0119cej w zak\u0142adce GRUPY.<\/p>\n\n\n\n<p style=\"text-align:center\"><strong>Jeste\u015bmy klubem mistrz\u00f3w Polski, Europy i \u015awiata. Ty te\u017c mo\u017cesz zosta\u0107 jednym z nich! Zapraszamy Ci\u0119 na trening!<\/strong><\/p>\n","protected":false},"excerpt":{"rendered":"<p>Uczniowski Klub Sportowy SATORI zosta\u0142 zarejestrowany w 2002 roku. Wtedy te\u017c treningi rozpocz\u0119li nasi pierwsi klubowicze. \u0141atwo mo\u017cna policzy\u0107, \u017ce cieszymy si\u0119 ponad dziesi\u0119cioletni\u0105 histori\u0105. W tym czasie nasz klub przeszed\u0142 bardzo wiele i znacznie si\u0119 rozwin\u0105\u0142. Obecnie trenuje u nas ok. 250 os\u00f3b rocznie w r\u00f3\u017cnym wieku. Zaj\u0119cia prowadzimy na terenie Miko\u0142owa, \u0141azisk i &hellip; <\/p>\n<p class=\"link-more\"><a href=\"https:\/\/ukssatori.esy.es\/index.php\/o-nas\/\" class=\"more-link\">Continue reading<span class=\"screen-reader-text\"> &#8222;O NAS&#8221;<\/span><\/a><\/p>\n","protected":false},"author":1,"featured_media":0,"parent":0,"menu_order":0,"comment_status":"closed","ping_status":"closed","template":"","meta":{"_mc_calendar":[],"footnotes":""},"class_list":["post-7","page","type-page","status-publish","hentry"],"_links":{"self":[{"href":"https:\/\/ukssatori.esy.es\/index.php\/wp-json\/wp\/v2\/pages\/7","targetHints":{"allow":["GET"]}}],"collection":[{"href":"https:\/\/ukssatori.esy.es\/index.php\/wp-json\/wp\/v2\/pages"}],"about":[{"href":"https:\/\/ukssatori.esy.es\/index.php\/wp-json\/wp\/v2\/types\/page"}],"author":[{"embeddable":true,"href":"https:\/\/ukssatori.esy.es\/index.php\/wp-json\/wp\/v2\/users\/1"}],"replies":[{"embeddable":true,"href":"https:\/\/ukssatori.esy.es\/index.php\/wp-json\/wp\/v2\/comments?post=7"}],"version-history":[{"count":3,"href":"https:\/\/ukssatori.esy.es\/index.php\/wp-json\/wp\/v2\/pages\/7\/revisions"}],"predecessor-version":[{"id":66,"href":"https:\/\/ukssatori.esy.es\/index.php\/wp-json\/wp\/v2\/pages\/7\/revisions\/66"}],"wp:attachment":[{"href":"https:\/\/ukssatori.esy.es\/index.php\/wp-json\/wp\/v2\/media?parent=7"}],"curies":[{"name":"wp","href":"https:\/\/api.w.org\/{rel}","templated":true}]}}