{"id":17,"date":"2019-09-01T19:48:14","date_gmt":"2019-09-01T17:48:14","guid":{"rendered":"http:\/\/ukssatori.esy.es\/?page_id=17"},"modified":"2024-10-04T13:28:31","modified_gmt":"2024-10-04T11:28:31","slug":"kontakty","status":"publish","type":"page","link":"https:\/\/ukssatori.esy.es\/index.php\/kontakty\/","title":{"rendered":"KONTAKT"},"content":{"rendered":"\n<p><strong>Adres : 43-190 MIKO\u0141\u00d3W, ul. ZAWILC\u00d3W 1\/6<\/strong><\/p>\n\n\n\n<p>NIP 635-16-61-836<\/p>\n\n\n\n<p><strong>e-mail:  ukssatori@interia.pl<\/strong><\/p>\n\n\n\n<p>Trenerzy:<\/p>\n\n\n\n<p><strong>PATRYCJA CHECHELSKA &#8211; 502 678 748<\/strong><\/p>\n\n\n\n<p><strong>MARTYNA GOLDZIK &#8211; 537 050 595<\/strong><\/p>\n\n\n\n<p><strong>RAFA\u0141 LALIK &#8211; 793 178 810<\/strong><\/p>\n\n\n\n<p class=\"has-text-align-center has-medium-font-size\"><strong><span style=\"color:#cf2e2e\" class=\"tadv-color\">UWAGA ZMIANA NR KONTA !!!<\/span><\/strong><\/p>\n\n\n\n<pre class=\"wp-block-verse has-text-align-center\"> Konto klubu - BNP Paribas Bank Polska S.A. <br> <strong>nr 73 1600 1462 1889 0936 8000 0001<\/strong>  <\/pre>\n\n\n\n<p><\/p>\n","protected":false},"excerpt":{"rendered":"<p>Adres : 43-190 MIKO\u0141\u00d3W, ul. ZAWILC\u00d3W 1\/6 NIP 635-16-61-836 e-mail: ukssatori@interia.pl Trenerzy: PATRYCJA CHECHELSKA &#8211; 502 678 748 MARTYNA GOLDZIK &#8211; 537 050 595 RAFA\u0141 LALIK &#8211; 793 178 810 UWAGA ZMIANA NR KONTA !!! Konto klubu &#8211; BNP Paribas Bank Polska S.A. nr 73 1600 1462 1889 0936 8000 0001<\/p>\n","protected":false},"author":1,"featured_media":0,"parent":0,"menu_order":0,"comment_status":"closed","ping_status":"closed","template":"","meta":{"_mc_calendar":[],"footnotes":""},"class_list":["post-17","page","type-page","status-publish","hentry"],"_links":{"self":[{"href":"https:\/\/ukssatori.esy.es\/index.php\/wp-json\/wp\/v2\/pages\/17","targetHints":{"allow":["GET"]}}],"collection":[{"href":"https:\/\/ukssatori.esy.es\/index.php\/wp-json\/wp\/v2\/pages"}],"about":[{"href":"https:\/\/ukssatori.esy.es\/index.php\/wp-json\/wp\/v2\/types\/page"}],"author":[{"embeddable":true,"href":"https:\/\/ukssatori.esy.es\/index.php\/wp-json\/wp\/v2\/users\/1"}],"replies":[{"embeddable":true,"href":"https:\/\/ukssatori.esy.es\/index.php\/wp-json\/wp\/v2\/comments?post=17"}],"version-history":[{"count":8,"href":"https:\/\/ukssatori.esy.es\/index.php\/wp-json\/wp\/v2\/pages\/17\/revisions"}],"predecessor-version":[{"id":923,"href":"https:\/\/ukssatori.esy.es\/index.php\/wp-json\/wp\/v2\/pages\/17\/revisions\/923"}],"wp:attachment":[{"href":"https:\/\/ukssatori.esy.es\/index.php\/wp-json\/wp\/v2\/media?parent=17"}],"curies":[{"name":"wp","href":"https:\/\/api.w.org\/{rel}","templated":true}]}}