{"id":11,"date":"2019-09-01T19:48:14","date_gmt":"2019-09-01T17:48:14","guid":{"rendered":"http:\/\/ukssatori.esy.es\/?page_id=11"},"modified":"2019-09-01T20:51:19","modified_gmt":"2019-09-01T18:51:19","slug":"mlodsza","status":"publish","type":"page","link":"https:\/\/ukssatori.esy.es\/index.php\/mlodsza\/","title":{"rendered":"M\u0141ODSZA"},"content":{"rendered":"\n<p>To dzieci ze szk\u00f3\u0142\npodstawowych ucz\u0119szczaj\u0105ce do klas I-III. Na tym etapie treningi s\u0105\nd\u0142u\u017csze, ni\u017c w przedszkolu. Nasi trenerzy wplataj\u0105 w zaj\u0119cia\nwi\u0119cej element\u00f3w karate. Dzi\u0119ki temu, znaj\u0105c podstawowe techniki\ndzieci maj\u0105 mo\u017cliwo\u015b\u0107 podej\u015bcia do egzaminu na stopnie karate.\nPoza tym rozpoczyna si\u0119 konkurencja zawodnicza. W tym okresie\nkszta\u0142tuje si\u0119 psychika naszych ma\u0142ych zawodnik\u00f3w. Ucz\u0105 si\u0119 oni\nradzi\u0107 ze stresem i pora\u017ckami, a z drugiej strony, s\u0105 mobilizowani\nprzez zwyci\u0119stwa. Oczywi\u015bcie konkurowanie mi\u0119dzy sob\u0105 wprowadzane\njest ma\u0142ymi krokami, aby dzieci odnalaz\u0142y w zawodach drog\u0119 do\nsprawdzenia swoich umiej\u0119tno\u015bci, a nie pow\u00f3d do obaw i kompleks\u00f3w.\nZ my\u015bl\u0105 o grupie m\u0142odszej powsta\u0142a konkurencja zapas\u00f3w w naszej\nklubowej Lidze Satori.<\/p>\n","protected":false},"excerpt":{"rendered":"<p>To dzieci ze szk\u00f3\u0142 podstawowych ucz\u0119szczaj\u0105ce do klas I-III. Na tym etapie treningi s\u0105 d\u0142u\u017csze, ni\u017c w przedszkolu. Nasi trenerzy wplataj\u0105 w zaj\u0119cia wi\u0119cej element\u00f3w karate. Dzi\u0119ki temu, znaj\u0105c podstawowe techniki dzieci maj\u0105 mo\u017cliwo\u015b\u0107 podej\u015bcia do egzaminu na stopnie karate. Poza tym rozpoczyna si\u0119 konkurencja zawodnicza. W tym okresie kszta\u0142tuje si\u0119 psychika naszych ma\u0142ych zawodnik\u00f3w. &hellip; <\/p>\n<p class=\"link-more\"><a href=\"https:\/\/ukssatori.esy.es\/index.php\/mlodsza\/\" class=\"more-link\">Continue reading<span class=\"screen-reader-text\"> &#8222;M\u0141ODSZA&#8221;<\/span><\/a><\/p>\n","protected":false},"author":1,"featured_media":0,"parent":0,"menu_order":0,"comment_status":"closed","ping_status":"closed","template":"","meta":{"_mc_calendar":[],"footnotes":""},"class_list":["post-11","page","type-page","status-publish","hentry"],"_links":{"self":[{"href":"https:\/\/ukssatori.esy.es\/index.php\/wp-json\/wp\/v2\/pages\/11","targetHints":{"allow":["GET"]}}],"collection":[{"href":"https:\/\/ukssatori.esy.es\/index.php\/wp-json\/wp\/v2\/pages"}],"about":[{"href":"https:\/\/ukssatori.esy.es\/index.php\/wp-json\/wp\/v2\/types\/page"}],"author":[{"embeddable":true,"href":"https:\/\/ukssatori.esy.es\/index.php\/wp-json\/wp\/v2\/users\/1"}],"replies":[{"embeddable":true,"href":"https:\/\/ukssatori.esy.es\/index.php\/wp-json\/wp\/v2\/comments?post=11"}],"version-history":[{"count":2,"href":"https:\/\/ukssatori.esy.es\/index.php\/wp-json\/wp\/v2\/pages\/11\/revisions"}],"predecessor-version":[{"id":72,"href":"https:\/\/ukssatori.esy.es\/index.php\/wp-json\/wp\/v2\/pages\/11\/revisions\/72"}],"wp:attachment":[{"href":"https:\/\/ukssatori.esy.es\/index.php\/wp-json\/wp\/v2\/media?parent=11"}],"curies":[{"name":"wp","href":"https:\/\/api.w.org\/{rel}","templated":true}]}}