{"id":10,"date":"2019-09-01T19:48:14","date_gmt":"2019-09-01T17:48:14","guid":{"rendered":"http:\/\/ukssatori.esy.es\/?page_id=10"},"modified":"2019-09-01T20:50:19","modified_gmt":"2019-09-01T18:50:19","slug":"przedszkolna","status":"publish","type":"page","link":"https:\/\/ukssatori.esy.es\/index.php\/przedszkolna\/","title":{"rendered":"PRZEDSZKOLNA"},"content":{"rendered":"\n<p>To grupa maluch\u00f3w w\nwieku od 4 do 6 lat. Dzieci dopiero zaczynaj\u0105 przygod\u0119 ze sportem,\nwi\u0119c treningi s\u0105 kr\u00f3tkie, dostosowane do zdolno\u015bci naszych\npodopiecznych. Chcemy wspom\u00f3c prawid\u0142owy rozw\u00f3j psychofizyczny\nPa\u0144stwa pociech. Trenerzy przede wszystkim przeprowadzaj\u0105 z\nmaluchami gry i zabawy ruchowe, kt\u00f3re rozwijaj\u0105 cechy motoryczne.\nJest to szczeg\u00f3lnie wa\u017cne, poniewa\u017c motoryka kszta\u0142tuje si\u0119\noko\u0142o pi\u0105tego roku \u017cycia. Poza tym, dzieci wykonuj\u0105 \u0107wiczenia\nprzeciwdzia\u0142aj\u0105ce p\u0142askostopiu i wadom postawy oraz \u0107wiczenia na\nutrzymywanie r\u00f3wnowagi. Maluchy ucz\u0105 si\u0119 uwa\u017cnego s\u0142uchania,\nskupiania uwagi na konkretnych rzeczach oraz systematyczno\u015bci.\nMa\u0142ymi krokami wprowadzamy elementy karate, a s\u0105 to najprostsze\npozycje i techniki oraz japo\u0144skie nazewnictwo. Dla naszych\nnajm\u0142odszych klubowicz\u00f3w co roku organizujemy zawody, o kt\u00f3rych\nwi\u0119cej w dziale O nas.<\/p>\n","protected":false},"excerpt":{"rendered":"<p>To grupa maluch\u00f3w w wieku od 4 do 6 lat. Dzieci dopiero zaczynaj\u0105 przygod\u0119 ze sportem, wi\u0119c treningi s\u0105 kr\u00f3tkie, dostosowane do zdolno\u015bci naszych podopiecznych. Chcemy wspom\u00f3c prawid\u0142owy rozw\u00f3j psychofizyczny Pa\u0144stwa pociech. Trenerzy przede wszystkim przeprowadzaj\u0105 z maluchami gry i zabawy ruchowe, kt\u00f3re rozwijaj\u0105 cechy motoryczne. Jest to szczeg\u00f3lnie wa\u017cne, poniewa\u017c motoryka kszta\u0142tuje si\u0119 oko\u0142o &hellip; <\/p>\n<p class=\"link-more\"><a href=\"https:\/\/ukssatori.esy.es\/index.php\/przedszkolna\/\" class=\"more-link\">Continue reading<span class=\"screen-reader-text\"> &#8222;PRZEDSZKOLNA&#8221;<\/span><\/a><\/p>\n","protected":false},"author":1,"featured_media":0,"parent":0,"menu_order":0,"comment_status":"closed","ping_status":"closed","template":"","meta":{"_mc_calendar":[],"footnotes":""},"class_list":["post-10","page","type-page","status-publish","hentry"],"_links":{"self":[{"href":"https:\/\/ukssatori.esy.es\/index.php\/wp-json\/wp\/v2\/pages\/10","targetHints":{"allow":["GET"]}}],"collection":[{"href":"https:\/\/ukssatori.esy.es\/index.php\/wp-json\/wp\/v2\/pages"}],"about":[{"href":"https:\/\/ukssatori.esy.es\/index.php\/wp-json\/wp\/v2\/types\/page"}],"author":[{"embeddable":true,"href":"https:\/\/ukssatori.esy.es\/index.php\/wp-json\/wp\/v2\/users\/1"}],"replies":[{"embeddable":true,"href":"https:\/\/ukssatori.esy.es\/index.php\/wp-json\/wp\/v2\/comments?post=10"}],"version-history":[{"count":2,"href":"https:\/\/ukssatori.esy.es\/index.php\/wp-json\/wp\/v2\/pages\/10\/revisions"}],"predecessor-version":[{"id":71,"href":"https:\/\/ukssatori.esy.es\/index.php\/wp-json\/wp\/v2\/pages\/10\/revisions\/71"}],"wp:attachment":[{"href":"https:\/\/ukssatori.esy.es\/index.php\/wp-json\/wp\/v2\/media?parent=10"}],"curies":[{"name":"wp","href":"https:\/\/api.w.org\/{rel}","templated":true}]}}